{"id":16068,"date":"2023-02-07T19:58:00","date_gmt":"2023-02-07T18:58:00","guid":{"rendered":"http:\/\/africanelegancesafaris.com\/impression\/"},"modified":"2023-08-10T09:28:57","modified_gmt":"2023-08-10T08:28:57","slug":"impression","status":"publish","type":"page","link":"https:\/\/africanelegancesafaris.com\/fr\/impression\/","title":{"rendered":"Impression"},"content":{"rendered":"\t\t<div data-elementor-type=\"wp-page\" data-elementor-id=\"16068\" class=\"elementor elementor-16068 elementor-13845\" data-elementor-post-type=\"page\">\n\t\t\t\t<div class=\"elementor-element elementor-element-300de0a e-flex e-con-boxed e-con e-parent\" data-id=\"300de0a\" data-element_type=\"container\" data-e-type=\"container\" data-settings=\"{&quot;background_background&quot;:&quot;classic&quot;}\">\n\t\t\t\t\t<div class=\"e-con-inner\">\n\t\t\t\t<div class=\"elementor-element elementor-element-ebdd0cd exad-sticky-section-no exad-glass-effect-no elementor-widget elementor-widget-heading\" data-id=\"ebdd0cd\" data-element_type=\"widget\" data-e-type=\"widget\" data-widget_type=\"heading.default\">\n\t\t\t\t<div class=\"elementor-widget-container\">\n\t\t\t\t\t<h1 class=\"elementor-heading-title elementor-size-default\">Impression<\/h1>\t\t\t\t<\/div>\n\t\t\t\t<\/div>\n\t\t\t\t<div class=\"elementor-element elementor-element-a0848ef elementor-icon-list--layout-inline elementor-align-center elementor-list-item-link-full_width exad-sticky-section-no exad-glass-effect-no elementor-widget elementor-widget-icon-list\" data-id=\"a0848ef\" data-element_type=\"widget\" data-e-type=\"widget\" data-widget_type=\"icon-list.default\">\n\t\t\t\t<div class=\"elementor-widget-container\">\n\t\t\t\t\t\t\t<ul class=\"elementor-icon-list-items elementor-inline-items\">\n\t\t\t\t\t\t\t<li class=\"elementor-icon-list-item elementor-inline-item\">\n\t\t\t\t\t\t\t\t\t\t<span class=\"elementor-icon-list-text\">D\u00e9marrage<\/span>\n\t\t\t\t\t\t\t\t\t<\/li>\n\t\t\t\t\t\t\t\t<li class=\"elementor-icon-list-item elementor-inline-item\">\n\t\t\t\t\t\t\t\t\t\t\t<span class=\"elementor-icon-list-icon\">\n\t\t\t\t\t\t\t<i aria-hidden=\"true\" class=\"fal fa-long-arrow-right\"><\/i>\t\t\t\t\t\t<\/span>\n\t\t\t\t\t\t\t\t\t\t<span class=\"elementor-icon-list-text\">Impression<\/span>\n\t\t\t\t\t\t\t\t\t<\/li>\n\t\t\t\t\t\t<\/ul>\n\t\t\t\t\t\t<\/div>\n\t\t\t\t<\/div>\n\t\t\t\t\t<\/div>\n\t\t\t\t<\/div>\n\t\t<div class=\"elementor-element elementor-element-66df30ff c-box e-flex e-con-boxed e-con e-parent\" data-id=\"66df30ff\" data-element_type=\"container\" data-e-type=\"container\">\n\t\t\t\t\t<div class=\"e-con-inner\">\n\t\t<div class=\"elementor-element elementor-element-2c478ac8 e-con-full e-flex e-con e-parent\" data-id=\"2c478ac8\" data-element_type=\"container\" data-e-type=\"container\">\n\t\t\t\t<div class=\"elementor-element elementor-element-352e283e exad-sticky-section-no exad-glass-effect-no elementor-widget elementor-widget-heading\" data-id=\"352e283e\" data-element_type=\"widget\" data-e-type=\"widget\" data-widget_type=\"heading.default\">\n\t\t\t\t<div class=\"elementor-widget-container\">\n\t\t\t\t\t<h2 class=\"elementor-heading-title elementor-size-default\">Prestataire au sens de l'article 5 TMG\n<\/h2>\t\t\t\t<\/div>\n\t\t\t\t<\/div>\n\t\t\t\t<div class=\"elementor-element elementor-element-59a679ed exad-sticky-section-no exad-glass-effect-no elementor-widget elementor-widget-heading\" data-id=\"59a679ed\" data-element_type=\"widget\" data-e-type=\"widget\" data-widget_type=\"heading.default\">\n\t\t\t\t<div class=\"elementor-widget-container\">\n\t\t\t\t\t<div class=\"elementor-heading-title elementor-size-default\">African Elegance Safaris Namibia<\/div>\t\t\t\t<\/div>\n\t\t\t\t<\/div>\n\t\t\t\t<div class=\"elementor-element elementor-element-3cb675c0 exad-sticky-section-no exad-glass-effect-no elementor-widget elementor-widget-heading\" data-id=\"3cb675c0\" data-element_type=\"widget\" data-e-type=\"widget\" data-widget_type=\"heading.default\">\n\t\t\t\t<div class=\"elementor-widget-container\">\n\t\t\t\t\t<div class=\"elementor-heading-title elementor-size-default\">Richterstr. 43<\/div>\t\t\t\t<\/div>\n\t\t\t\t<\/div>\n\t\t\t\t<div class=\"elementor-element elementor-element-e2c5147 exad-sticky-section-no exad-glass-effect-no elementor-widget elementor-widget-heading\" data-id=\"e2c5147\" data-element_type=\"widget\" data-e-type=\"widget\" data-widget_type=\"heading.default\">\n\t\t\t\t<div class=\"elementor-widget-container\">\n\t\t\t\t\t<div class=\"elementor-heading-title elementor-size-default\">Windhoek | PO Box 40563<\/div>\t\t\t\t<\/div>\n\t\t\t\t<\/div>\n\t\t\t\t<div class=\"elementor-element elementor-element-52a51b6 exad-sticky-section-no exad-glass-effect-no elementor-widget elementor-widget-heading\" data-id=\"52a51b6\" data-element_type=\"widget\" data-e-type=\"widget\" data-widget_type=\"heading.default\">\n\t\t\t\t<div class=\"elementor-widget-container\">\n\t\t\t\t\t<div class=\"elementor-heading-title elementor-size-default\"><a href=\"\">T\u00e9l\u00e9phone : +264 81 739 5522<\/a><\/div>\t\t\t\t<\/div>\n\t\t\t\t<\/div>\n\t\t\t\t<div class=\"elementor-element elementor-element-3dc8a06 exad-sticky-section-no exad-glass-effect-no elementor-widget elementor-widget-heading\" data-id=\"3dc8a06\" data-element_type=\"widget\" data-e-type=\"widget\" data-widget_type=\"heading.default\">\n\t\t\t\t<div class=\"elementor-widget-container\">\n\t\t\t\t\t<div class=\"elementor-heading-title elementor-size-default\"><a href=\"\">E-Mail : info@africanelegancesafaris.com<\/a><\/div>\t\t\t\t<\/div>\n\t\t\t\t<\/div>\n\t\t\t\t<div class=\"elementor-element elementor-element-491c5a50 exad-sticky-section-no exad-glass-effect-no elementor-widget elementor-widget-jet-listing-dynamic-field\" data-id=\"491c5a50\" data-element_type=\"widget\" data-e-type=\"widget\" data-widget_type=\"jet-listing-dynamic-field.default\">\n\t\t\t\t<div class=\"elementor-widget-container\">\n\t\t\t\t\t<div class=\"jet-listing jet-listing-dynamic-field display-inline\"><div class=\"jet-listing-dynamic-field__inline-wrap\"><div class=\"jet-listing-dynamic-field__content\" >Directeur g\u00e9n\u00e9ral : Katja Ahrens<\/div><\/div><\/div>\t\t\t\t<\/div>\n\t\t\t\t<\/div>\n\t\t\t\t<div class=\"elementor-element elementor-element-121c19f exad-sticky-section-no exad-glass-effect-no elementor-widget elementor-widget-heading\" data-id=\"121c19f\" data-element_type=\"widget\" data-e-type=\"widget\" data-widget_type=\"heading.default\">\n\t\t\t\t<div class=\"elementor-widget-container\">\n\t\t\t\t\t<div class=\"elementor-heading-title elementor-size-default\">Propri\u00e9taires : Katja Ahrens &amp; Klaus-Georg Reinhardt<\/div>\t\t\t\t<\/div>\n\t\t\t\t<\/div>\n\t\t\t\t<div class=\"elementor-element elementor-element-d6c4c3 exad-sticky-section-no exad-glass-effect-no elementor-widget elementor-widget-jet-listing-dynamic-field\" data-id=\"d6c4c3\" data-element_type=\"widget\" data-e-type=\"widget\" data-widget_type=\"jet-listing-dynamic-field.default\">\n\t\t\t\t<div class=\"elementor-widget-container\">\n\t\t\t\t\t<div class=\"jet-listing jet-listing-dynamic-field display-inline\"><div class=\"jet-listing-dynamic-field__inline-wrap\"><div class=\"jet-listing-dynamic-field__content\" >Juridiction : Windhoek \/ Namibia<\/div><\/div><\/div>\t\t\t\t<\/div>\n\t\t\t\t<\/div>\n\t\t\t\t<div class=\"elementor-element elementor-element-c16ba46 exad-sticky-section-no exad-glass-effect-no elementor-widget elementor-widget-jet-listing-dynamic-field\" data-id=\"c16ba46\" data-element_type=\"widget\" data-e-type=\"widget\" data-widget_type=\"jet-listing-dynamic-field.default\">\n\t\t\t\t<div class=\"elementor-widget-container\">\n\t\t\t\t\t<div class=\"jet-listing jet-listing-dynamic-field display-inline\"><div class=\"jet-listing-dynamic-field__inline-wrap\"><div class=\"jet-listing-dynamic-field__content\" >N\u00b0 de TVA : 07002497015<\/div><\/div><\/div>\t\t\t\t<\/div>\n\t\t\t\t<\/div>\n\t\t\t\t<div class=\"elementor-element elementor-element-10457b77 exad-sticky-section-no exad-glass-effect-no elementor-widget elementor-widget-jet-listing-dynamic-field\" data-id=\"10457b77\" data-element_type=\"widget\" data-e-type=\"widget\" data-widget_type=\"jet-listing-dynamic-field.default\">\n\t\t\t\t<div class=\"elementor-widget-container\">\n\t\t\t\t\t<div class=\"jet-listing jet-listing-dynamic-field display-inline\"><div class=\"jet-listing-dynamic-field__inline-wrap\"><div class=\"jet-listing-dynamic-field__content\" >Nous nous conformons \u00e0 l'obligation l\u00e9gale des organisateurs de voyages \u00e0 forfait de prot\u00e9ger l'argent des clients en leur remettant un certificat de s\u00e9curit\u00e9 leer.<\/div><\/div><\/div>\t\t\t\t<\/div>\n\t\t\t\t<\/div>\n\t\t\t\t<\/div>\n\t\t<div class=\"elementor-element elementor-element-3bb1291e e-con-full e-flex e-con e-parent\" data-id=\"3bb1291e\" data-element_type=\"container\" data-e-type=\"container\">\n\t\t\t\t<div class=\"elementor-element elementor-element-718ff9be exad-sticky-section-no exad-glass-effect-no elementor-widget elementor-widget-heading\" data-id=\"718ff9be\" data-element_type=\"widget\" data-e-type=\"widget\" data-widget_type=\"heading.default\">\n\t\t\t\t<div class=\"elementor-widget-container\">\n\t\t\t\t\t<h2 class=\"elementor-heading-title elementor-size-default\">Responsable du contenu au sens de l'article 55 du RStV\n<\/h2>\t\t\t\t<\/div>\n\t\t\t\t<\/div>\n\t\t\t\t<div class=\"elementor-element elementor-element-7c7337d7 exad-sticky-section-no exad-glass-effect-no elementor-widget elementor-widget-heading\" data-id=\"7c7337d7\" data-element_type=\"widget\" data-e-type=\"widget\" data-widget_type=\"heading.default\">\n\t\t\t\t<div class=\"elementor-widget-container\">\n\t\t\t\t\t<div class=\"elementor-heading-title elementor-size-default\">African Elegance Safaris Namibia<\/div>\t\t\t\t<\/div>\n\t\t\t\t<\/div>\n\t\t\t\t<div class=\"elementor-element elementor-element-4f84470c exad-sticky-section-no exad-glass-effect-no elementor-widget elementor-widget-heading\" data-id=\"4f84470c\" data-element_type=\"widget\" data-e-type=\"widget\" data-widget_type=\"heading.default\">\n\t\t\t\t<div class=\"elementor-widget-container\">\n\t\t\t\t\t<div class=\"elementor-heading-title elementor-size-default\">Katja Ahrens<\/div>\t\t\t\t<\/div>\n\t\t\t\t<\/div>\n\t\t\t\t<div class=\"elementor-element elementor-element-424244c2 exad-sticky-section-no exad-glass-effect-no elementor-widget elementor-widget-heading\" data-id=\"424244c2\" data-element_type=\"widget\" data-e-type=\"widget\" data-widget_type=\"heading.default\">\n\t\t\t\t<div class=\"elementor-widget-container\">\n\t\t\t\t\t<div class=\"elementor-heading-title elementor-size-default\">Richterstr. 43<\/div>\t\t\t\t<\/div>\n\t\t\t\t<\/div>\n\t\t\t\t<div class=\"elementor-element elementor-element-666ad514 exad-sticky-section-no exad-glass-effect-no elementor-widget elementor-widget-heading\" data-id=\"666ad514\" data-element_type=\"widget\" data-e-type=\"widget\" data-widget_type=\"heading.default\">\n\t\t\t\t<div class=\"elementor-widget-container\">\n\t\t\t\t\t<div class=\"elementor-heading-title elementor-size-default\">Windhoek | PO Box 40563<\/div>\t\t\t\t<\/div>\n\t\t\t\t<\/div>\n\t\t\t\t<div class=\"elementor-element elementor-element-6a11e945 exad-sticky-section-no exad-glass-effect-no elementor-widget elementor-widget-heading\" data-id=\"6a11e945\" data-element_type=\"widget\" data-e-type=\"widget\" data-widget_type=\"heading.default\">\n\t\t\t\t<div class=\"elementor-widget-container\">\n\t\t\t\t\t<h2 class=\"elementor-heading-title elementor-size-default\">Technologie, mise en \u0153uvre et h\u00e9bergement<\/h2>\t\t\t\t<\/div>\n\t\t\t\t<\/div>\n\t\t\t\t<div class=\"elementor-element elementor-element-2198b452 elementor-widget__width-initial exad-sticky-section-no exad-glass-effect-no elementor-widget elementor-widget-image\" data-id=\"2198b452\" data-element_type=\"widget\" data-e-type=\"widget\" data-widget_type=\"image.default\">\n\t\t\t\t<div class=\"elementor-widget-container\">\n\t\t\t\t\t\t\t\t\t\t\t\t\t\t\t<img decoding=\"async\" src=\"https:\/\/africanelegancesafaris.com\/wp-content\/uploads\/2023\/02\/logo.svg\" title=\"logo.svg\" alt=\"logo.svg\" loading=\"lazy\" \/>\t\t\t\t\t\t\t\t\t\t\t\t\t\t\t<\/div>\n\t\t\t\t<\/div>\n\t\t\t\t<div class=\"elementor-element elementor-element-50611840 exad-sticky-section-no exad-glass-effect-no elementor-widget elementor-widget-text-editor\" data-id=\"50611840\" data-element_type=\"widget\" data-e-type=\"widget\" data-widget_type=\"text-editor.default\">\n\t\t\t\t<div class=\"elementor-widget-container\">\n\t\t\t\t\t\t\t\t\t<p>milzer GmbH<br \/>Anna-Kl\u00f6cker-Stra\u00dfe 25<br \/>52222 Stolberg<\/p>\n<p>www.milzer.de<br \/>vertrieb@milzer.de<\/p>\n\t\t\t\t\t\t\t\t<\/div>\n\t\t\t\t<\/div>\n\t\t\t\t<\/div>\n\t\t\t\t<div class=\"elementor-element elementor-element-c0c25db elementor-widget__width-inherit exad-sticky-section-no exad-glass-effect-no elementor-widget elementor-widget-heading\" data-id=\"c0c25db\" data-element_type=\"widget\" data-e-type=\"widget\" data-widget_type=\"heading.default\">\n\t\t\t\t<div class=\"elementor-widget-container\">\n\t\t\t\t\t<h2 class=\"elementor-heading-title elementor-size-default\">Si\u00e8ge en Namibie<\/h2>\t\t\t\t<\/div>\n\t\t\t\t<\/div>\n\t\t\t\t<div class=\"elementor-element elementor-element-7a77669 exad-sticky-section-no exad-glass-effect-no elementor-widget elementor-widget-google_maps\" data-id=\"7a77669\" data-element_type=\"widget\" data-e-type=\"widget\" data-widget_type=\"google_maps.default\">\n\t\t\t\t<div class=\"elementor-widget-container\">\n\t\t\t\t\t\t\t<div class=\"elementor-custom-embed\">\n\t\t\t<iframe loading=\"lazy\"\n\t\t\t\t\tsrc=\"https:\/\/maps.google.com\/maps?q=Richter%20Str.%2043%2C%20Windhoek%2C%20Namibia&#038;t=m&#038;z=10&#038;output=embed&#038;iwloc=near\"\n\t\t\t\t\ttitle=\"Richter Str. 43, Windhoek, Namibia\"\n\t\t\t\t\taria-label=\"Richter Str. 43, Windhoek, Namibia\"\n\t\t\t><\/iframe>\n\t\t<\/div>\n\t\t\t\t\t\t<\/div>\n\t\t\t\t<\/div>\n\t\t\t\t<div class=\"elementor-element elementor-element-543b3e7c exad-sticky-section-no exad-glass-effect-no elementor-widget elementor-widget-text-editor\" data-id=\"543b3e7c\" data-element_type=\"widget\" data-e-type=\"widget\" data-widget_type=\"text-editor.default\">\n\t\t\t\t<div class=\"elementor-widget-container\">\n\t\t\t\t\t\t\t\t\t<h4>Contenu de l&#8217;offre en ligne<\/h4>\n<p>L&#8217;auteur n&#8217;assume aucune responsabilit\u00e9 quant \u00e0 la pertinence, l&#8217;exactitude, l&#8217;exhaustivit\u00e9 ou la qualit\u00e9 des informations fournies. Les demandes de responsabilit\u00e9 \u00e0 l&#8217;encontre de l&#8217;auteur concernant des dommages mat\u00e9riels ou immat\u00e9riels caus\u00e9s par l&#8217;utilisation ou la non-utilisation des informations fournies ou par l&#8217;utilisation d&#8217;informations incorrectes ou incompl\u00e8tes sont exclues par principe, dans la mesure o\u00f9 il n&#8217;y a pas de faute intentionnelle ou de n\u00e9gligence grave d\u00e9montrable de la part de l&#8217;auteur. Toutes les offres sont susceptibles d&#8217;\u00eatre modifi\u00e9es et ne sont pas contraignantes. L&#8217;auteur se r\u00e9serve express\u00e9ment le droit de modifier, de compl\u00e9ter ou d&#8217;effacer des parties de pages ou l&#8217;ensemble du site sans pr\u00e9avis, ou de cesser temporairement ou d\u00e9finitivement la publication.<\/p>\n<h4>R\u00e9f\u00e9rences et liens<\/h4>\n<p>Dans le cas de r\u00e9f\u00e9rences directes ou indirectes \u00e0 des sites web externes (&#8220;hyperliens&#8221;) qui ne rel\u00e8vent pas de la responsabilit\u00e9 de l&#8217;auteur, une obligation de responsabilit\u00e9 n&#8217;entrerait en vigueur que si l&#8217;auteur avait connaissance du contenu et qu&#8217;il lui \u00e9tait techniquement possible et raisonnable d&#8217;emp\u00eacher l&#8217;utilisation en cas de contenu ill\u00e9gal. L&#8217;auteur d\u00e9clare express\u00e9ment qu&#8217;au moment de la cr\u00e9ation des liens, aucun contenu ill\u00e9gal n&#8217;\u00e9tait visible sur les pages li\u00e9es. L&#8217;auteur n&#8217;a aucune influence sur la conception actuelle et future, le contenu ou la paternit\u00e9 des pages li\u00e9es. C&#8217;est pourquoi l&#8217;auteur se distancie express\u00e9ment par la pr\u00e9sente de tous les contenus de toutes les pages li\u00e9es qui ont \u00e9t\u00e9 modifi\u00e9es apr\u00e8s la cr\u00e9ation du lien. Cette d\u00e9claration s&#8217;applique \u00e0 tous les liens et r\u00e9f\u00e9rences \u00e9tablis sur le site Web de l&#8217;auteur ainsi qu&#8217;aux entr\u00e9es de tiers dans les livres d&#8217;or, les forums de discussion, les r\u00e9pertoires de liens, les listes de diffusion et toutes les autres formes de bases de donn\u00e9es mises en place par l&#8217;auteur et auxquelles il est possible d&#8217;acc\u00e9der en \u00e9criture de l&#8217;ext\u00e9rieur. En cas de contenu ill\u00e9gal, incorrect ou incomplet, et en particulier en cas de dommages r\u00e9sultant de l&#8217;utilisation ou de la non-utilisation de ces informations, seul le fournisseur de la page \u00e0 laquelle il est fait r\u00e9f\u00e9rence est responsable, et non celui qui se contente de renvoyer \u00e0 la publication en question par le biais de liens.<\/p>\n<h4>Droit d&#8217;auteur et droit des marques<\/h4>\n<p>L&#8217;auteur s&#8217;efforce de respecter les droits d&#8217;auteur des images, graphiques, documents sonores, s\u00e9quences vid\u00e9o et textes utilis\u00e9s dans toutes les publications, d&#8217;utiliser des images, graphiques, documents sonores, s\u00e9quences vid\u00e9o et textes cr\u00e9\u00e9s par lui-m\u00eame ou d&#8217;utiliser des graphiques, documents sonores, s\u00e9quences vid\u00e9o et textes sans licence. Tous les noms de marques et marques d\u00e9pos\u00e9es mentionn\u00e9s sur le site web et \u00e9ventuellement prot\u00e9g\u00e9s par des tiers sont soumis sans restriction aux dispositions du droit des marques applicable et aux droits de propri\u00e9t\u00e9 des propri\u00e9taires enregistr\u00e9s respectifs. La simple mention d&#8217;une marque ne signifie pas qu&#8217;elle n&#8217;est pas prot\u00e9g\u00e9e par des droits de tiers ! Le droit d&#8217;auteur des objets publi\u00e9s cr\u00e9\u00e9s par l&#8217;auteur lui-m\u00eame reste la propri\u00e9t\u00e9 exclusive de l&#8217;auteur des pages. Toute reproduction ou utilisation d&#8217;objets tels que des diagrammes, des sons ou des textes dans d&#8217;autres publications \u00e9lectroniques ou imprim\u00e9es n&#8217;est pas autoris\u00e9e sans l&#8217;accord de l&#8217;auteur.<\/p>\n<h4>Protection des donn\u00e9es<\/h4>\n<p>Si la possibilit\u00e9 d&#8217;introduire des donn\u00e9es personnelles ou professionnelles (adresses \u00e9lectroniques, noms, adresses) est donn\u00e9e, l&#8217;introduction de ces donn\u00e9es se fait volontairement. L&#8217;utilisation et le paiement de tous les services propos\u00e9s sont autoris\u00e9s &#8211; si et dans la mesure o\u00f9 cela est techniquement possible et raisonnable &#8211; sans indication de donn\u00e9es personnelles ou en indiquant des donn\u00e9es anonymes ou un pseudonyme. L&#8217;utilisation par des tiers des donn\u00e9es de contact telles que les adresses postales, les num\u00e9ros de t\u00e9l\u00e9phone et de t\u00e9l\u00e9copie ainsi que les adresses \u00e9lectroniques publi\u00e9es dans les mentions l\u00e9gales ou des informations comparables dans le but d&#8217;envoyer des informations qui n&#8217;ont pas \u00e9t\u00e9 express\u00e9ment demand\u00e9es n&#8217;est pas autoris\u00e9e. Nous nous r\u00e9servons express\u00e9ment le droit d&#8217;intenter une action en justice contre les exp\u00e9diteurs de spams en cas de violation de cette interdiction.<\/p>\n<h4>Validit\u00e9 juridique<\/h4>\n<p>Cette clause de non-responsabilit\u00e9 doit \u00eatre consid\u00e9r\u00e9e comme faisant partie de la publication Internet \u00e0 laquelle vous avez \u00e9t\u00e9 renvoy\u00e9. Si certaines parties ou certains termes de cette d\u00e9claration ne sont pas l\u00e9gaux ou corrects, le contenu et la validit\u00e9 des autres parties n&#8217;en sont pas affect\u00e9s.<\/p>\n\t\t\t\t\t\t\t\t<\/div>\n\t\t\t\t<\/div>\n\t\t\t\t\t<\/div>\n\t\t\t\t<\/div>\n\t\t\t\t<\/div>\n\t\t","protected":false},"excerpt":{"rendered":"<p>D\u00e9marrage Prestataire au sens de l&#8217;article 5 TMG Directeur g\u00e9n\u00e9ral : Katja Ahrens Propri\u00e9taires : Katja Ahrens &amp; Klaus-Georg Reinhardt Juridiction : Windhoek \/ Namibia N\u00b0 de TVA : 07002497015 Nous nous conformons \u00e0 l&#8217;obligation l\u00e9gale des organisateurs de voyages \u00e0 forfait de prot\u00e9ger l&#8217;argent des clients en leur remettant un certificat de s\u00e9curit\u00e9 leer. [&hellip;]<\/p>\n","protected":false},"author":10,"featured_media":0,"parent":0,"menu_order":0,"comment_status":"closed","ping_status":"closed","template":"elementor_header_footer","meta":{"content-type":"","footnotes":""},"class_list":["post-16068","page","type-page","status-publish","hentry"],"_links":{"self":[{"href":"https:\/\/africanelegancesafaris.com\/fr\/wp-json\/wp\/v2\/pages\/16068","targetHints":{"allow":["GET"]}}],"collection":[{"href":"https:\/\/africanelegancesafaris.com\/fr\/wp-json\/wp\/v2\/pages"}],"about":[{"href":"https:\/\/africanelegancesafaris.com\/fr\/wp-json\/wp\/v2\/types\/page"}],"author":[{"embeddable":true,"href":"https:\/\/africanelegancesafaris.com\/fr\/wp-json\/wp\/v2\/users\/10"}],"replies":[{"embeddable":true,"href":"https:\/\/africanelegancesafaris.com\/fr\/wp-json\/wp\/v2\/comments?post=16068"}],"version-history":[{"count":0,"href":"https:\/\/africanelegancesafaris.com\/fr\/wp-json\/wp\/v2\/pages\/16068\/revisions"}],"wp:attachment":[{"href":"https:\/\/africanelegancesafaris.com\/fr\/wp-json\/wp\/v2\/media?parent=16068"}],"curies":[{"name":"wp","href":"https:\/\/api.w.org\/{rel}","templated":true}]}}